{"id":12,"date":"2025-08-09T18:19:35","date_gmt":"2025-08-09T18:19:35","guid":{"rendered":"https:\/\/naucatarineta.com.br\/nossosequipamentos\/?page_id=12"},"modified":"2025-10-11T01:45:56","modified_gmt":"2025-10-11T01:45:56","slug":"quem-somos","status":"publish","type":"page","link":"https:\/\/naucatarineta.com.br\/foto-e-video\/quem-somos\/","title":{"rendered":"Quem somos"},"content":{"rendered":"\n<p>O <strong>Nau Catarineta | Foto &amp; V\u00eddeo<\/strong> \u00e9 um blog voltado para an\u00e1lises, dicas e reviews detalhados de equipamentos utilizados em produ\u00e7\u00f5es audiovisuais, fotografia, drones e acess\u00f3rios tecnol\u00f3gicos para o nosso <a href=\"https:\/\/www.youtube.com\/@nau_catarineta\" target=\"_blank\" rel=\"noopener\">canal no Youtube<\/a>.<\/p>\n\n\n\n<p>Nosso objetivo \u00e9 ajudar voc\u00ea a fazer escolhas mais seguras e conscientes, seja para uso profissional ou lazer.<\/p>\n\n\n\n<p>Este projeto \u00e9 uma extens\u00e3o do canal <strong>Nau Catarineta<\/strong>, que conecta o p\u00fablico \u00e0 cultura nordestina por meio de imagens, eventos e hist\u00f3rias, agora tamb\u00e9m explorando o universo dos equipamentos que tornam essas produ\u00e7\u00f5es poss\u00edveis.<\/p>\n\n\n\n<p>\ud83d\udce9 <strong>Contato:<\/strong> <a>naucatarineta1843@gmail.com<\/a><\/p>\n\n\n\n<p><a href=\"https:\/\/www.youtube.com\/@nau_catarineta\" target=\"_blank\" rel=\"noopener\">\u25b6\ufe0f<\/a> Canal Nau Catarineta<\/p>\n\n\n\n<p><a href=\"https:\/\/naucatarineta.com.br\/nossosequipamentos\">\u26f5<\/a> Blog \u2013 Nossos Equipamentos<\/p>\n\n\n\n<p><a href=\"https:\/\/naucatarineta.com.br\">\u26f5<\/a> Nau Catarineta \u2013 WebSite<\/p>\n\n\n\n<p><\/p>\n","protected":false},"excerpt":{"rendered":"<p>O Nau Catarineta | Foto &amp; V\u00eddeo \u00e9 um blog voltado para an\u00e1lises, dicas e reviews detalhados de equipamentos utilizados<\/p>\n","protected":false},"author":1,"featured_media":0,"parent":0,"menu_order":0,"comment_status":"closed","ping_status":"closed","template":"","meta":{"footnotes":""},"class_list":["post-12","page","type-page","status-publish","hentry"],"_links":{"self":[{"href":"https:\/\/naucatarineta.com.br\/foto-e-video\/wp-json\/wp\/v2\/pages\/12","targetHints":{"allow":["GET"]}}],"collection":[{"href":"https:\/\/naucatarineta.com.br\/foto-e-video\/wp-json\/wp\/v2\/pages"}],"about":[{"href":"https:\/\/naucatarineta.com.br\/foto-e-video\/wp-json\/wp\/v2\/types\/page"}],"author":[{"embeddable":true,"href":"https:\/\/naucatarineta.com.br\/foto-e-video\/wp-json\/wp\/v2\/users\/1"}],"replies":[{"embeddable":true,"href":"https:\/\/naucatarineta.com.br\/foto-e-video\/wp-json\/wp\/v2\/comments?post=12"}],"version-history":[{"count":3,"href":"https:\/\/naucatarineta.com.br\/foto-e-video\/wp-json\/wp\/v2\/pages\/12\/revisions"}],"predecessor-version":[{"id":226,"href":"https:\/\/naucatarineta.com.br\/foto-e-video\/wp-json\/wp\/v2\/pages\/12\/revisions\/226"}],"wp:attachment":[{"href":"https:\/\/naucatarineta.com.br\/foto-e-video\/wp-json\/wp\/v2\/media?parent=12"}],"curies":[{"name":"wp","href":"https:\/\/api.w.org\/{rel}","templated":true}]}}